{"id":24564,"date":"2025-05-22T17:22:15","date_gmt":"2025-05-22T17:22:15","guid":{"rendered":"https:\/\/floppydata.com\/cookie-policy\/"},"modified":"2025-09-23T08:26:15","modified_gmt":"2025-09-23T08:26:15","slug":"cookie-policy","status":"publish","type":"page","link":"https:\/\/floppydata.com\/es\/cookie-policy\/","title":{"rendered":"Pol\u00edtica de cookies"},"content":{"rendered":"\t\t<div data-elementor-type=\"wp-page\" data-elementor-id=\"24564\" class=\"elementor elementor-24564 elementor-20893\" data-elementor-post-type=\"page\">\n\t\t\t\t<div class=\"elementor-element elementor-element-1e76508 e-con-full e-flex e-con e-parent\" data-id=\"1e76508\" data-element_type=\"container\" data-e-type=\"container\">\n\t\t\t\t<div class=\"elementor-element elementor-element-243f2d3 elementor-widget__width-initial elementor-widget-tablet__width-initial gradient-title elementor-widget elementor-widget-heading\" data-id=\"243f2d3\" data-element_type=\"widget\" data-e-type=\"widget\" data-widget_type=\"heading.default\">\n\t\t\t\t\t<h1 class=\"elementor-heading-title elementor-size-default\">Pol\u00edtica de cookies<\/h1>\t\t\t\t<\/div>\n\t\t\t\t<div class=\"elementor-element elementor-element-c92bbde elementor-widget elementor-widget-text-editor\" data-id=\"c92bbde\" data-element_type=\"widget\" data-e-type=\"widget\" data-widget_type=\"text-editor.default\">\n\t\t\t\t\t\t\t\t\t<p style=\"text-align: center;\"><em><strong>Fecha de actualizaci\u00f3n: 15 de mayo de 2025<\/strong><\/em><\/p>\t\t\t\t\t\t\t\t<\/div>\n\t\t\t\t<\/div>\n\t\t<div class=\"elementor-element elementor-element-ab2cb27 e-grid e-con-boxed e-con e-parent\" data-id=\"ab2cb27\" data-element_type=\"container\" data-e-type=\"container\">\n\t\t\t\t\t<div class=\"e-con-inner\">\n\t\t\t\t<div class=\"elementor-element elementor-element-94ae0fb elementor-widget elementor-widget-table-of-contents\" data-id=\"94ae0fb\" data-element_type=\"widget\" data-e-type=\"widget\" data-settings=\"{&quot;headings_by_tags&quot;:[&quot;h2&quot;,&quot;h3&quot;,&quot;h4&quot;],&quot;exclude_headings_by_selector&quot;:[],&quot;marker_view&quot;:&quot;bullets&quot;,&quot;icon&quot;:{&quot;value&quot;:&quot;&quot;,&quot;library&quot;:&quot;&quot;},&quot;sticky&quot;:&quot;top&quot;,&quot;sticky_on&quot;:[&quot;desktop&quot;,&quot;tablet&quot;],&quot;sticky_offset&quot;:92,&quot;sticky_parent&quot;:&quot;yes&quot;,&quot;hierarchical_view&quot;:&quot;yes&quot;,&quot;min_height&quot;:{&quot;unit&quot;:&quot;px&quot;,&quot;size&quot;:&quot;&quot;,&quot;sizes&quot;:[]},&quot;min_height_tablet&quot;:{&quot;unit&quot;:&quot;px&quot;,&quot;size&quot;:&quot;&quot;,&quot;sizes&quot;:[]},&quot;min_height_mobile&quot;:{&quot;unit&quot;:&quot;px&quot;,&quot;size&quot;:&quot;&quot;,&quot;sizes&quot;:[]},&quot;sticky_effects_offset&quot;:0,&quot;sticky_anchor_link_offset&quot;:0}\" data-widget_type=\"table-of-contents.default\">\n\t\t\t\t\t\t\t\t\t<div class=\"elementor-toc__header\">\n\t\t\t\t\t\t<h4 class=\"elementor-toc__header-title\">\n\t\t\t\t\u00cdndice de contenidos\t\t\t<\/h4>\n\t\t\t\t\t\t\t\t<\/div>\n\t\t\t\t<div id=\"elementor-toc__94ae0fb\" class=\"elementor-toc__body\">\n\t\t\t<div class=\"elementor-toc__spinner-container\">\n\t\t\t\t<svg class=\"elementor-toc__spinner eicon-animation-spin e-font-icon-svg e-eicon-loading\" aria-hidden=\"true\" viewBox=\"0 0 1000 1000\" xmlns=\"http:\/\/www.w3.org\/2000\/svg\"><path d=\"M500 975V858C696 858 858 696 858 500S696 142 500 142 142 304 142 500H25C25 237 238 25 500 25S975 237 975 500 763 975 500 975Z\"><\/path><\/svg>\t\t\t<\/div>\n\t\t<\/div>\n\t\t\t\t\t\t<\/div>\n\t\t\t\t<div class=\"elementor-element elementor-element-ffb2c38 fldt-cookie-text elementor-widget elementor-widget-text-editor\" data-id=\"ffb2c38\" data-element_type=\"widget\" data-e-type=\"widget\" data-widget_type=\"text-editor.default\">\n\t\t\t\t\t\t\t\t\t<p>Esta Pol\u00edtica de Cookies explica qu\u00e9 son las cookies y c\u00f3mo las utilizamos, los tipos de cookies que empleamos, es decir, la informaci\u00f3n que recopilamos mediante cookies y c\u00f3mo se utiliza dicha informaci\u00f3n, as\u00ed como la forma de gestionar la configuraci\u00f3n de las cookies.<\/p><h2>1. \u00bfQu\u00e9 son las cookies?<\/h2><p>Las cookies son peque\u00f1os archivos de texto que se utilizan para almacenar peque\u00f1as piezas de informaci\u00f3n. Se almacenan en su dispositivo cuando se carga el sitio web en su navegador. Estas cookies nos ayudan a hacer que el sitio web funcione correctamente, lo hacen m\u00e1s seguro, proporcionan una mejor experiencia de usuario y nos permiten comprender c\u00f3mo se desempe\u00f1a el sitio web para analizar qu\u00e9 funciona y d\u00f3nde necesita mejoras. <\/p><h2>2. \u00bfC\u00f3mo utilizamos las cookies?<\/h2><p>Como la mayor\u00eda de los servicios en l\u00ednea, nuestro sitio web utiliza cookies propias y de terceros para varios prop\u00f3sitos. Las cookies propias son en su mayor\u00eda necesarias para que el sitio web funcione correctamente y no recopilan ninguno de sus datos de identificaci\u00f3n personal. <\/p><p>Las cookies de terceros utilizadas en nuestro sitio web sirven principalmente para comprender c\u00f3mo se desempe\u00f1a el sitio web, c\u00f3mo interact\u00faa usted con nuestro sitio web, mantener nuestros servicios seguros, proporcionar anuncios que sean relevantes para usted y, en general, brindarle una experiencia de usuario mejorada y ayudar a acelerar sus futuras interacciones con nuestro sitio web.<\/p><h3>2.1 Categor\u00edas de cookies<\/h3><p>[wcc_category_list]<\/p><h3>2.2 Cookies de terceros<\/h3><p>Podemos utilizar cookies de terceros de proveedores de servicios como:<\/p><table class=\"fldt-cookie-thirdparty_table\"><thead><tr><th>Servicio<\/th><th>Prop\u00f3sito<\/th><th>Pol\u00edtica de Privacidad<\/th><\/tr><\/thead><tbody><tr><td><strong>Google<\/strong><\/td><td>Anal\u00edtica, gesti\u00f3n de etiquetas<\/td><td><a href=\"https:\/\/policies.google.com\/privacy\" target=\"_blank\" rel=\"noopener\">Pol\u00edtica de Privacidad<\/a><\/td><\/tr><tr><td><strong>Intercom<\/strong><\/td><td>Chat en vivo, soporte personalizado, seguimiento de sesiones de usuario<\/td><td><a href=\"https:\/\/www.intercom.com\/legal\/privacy\" target=\"_blank\" rel=\"noopener\">Pol\u00edtica de Privacidad<\/a><\/td><\/tr><tr><td><strong>Microsoft (Clarity, UET)<\/strong><\/td><td>Anal\u00edtica, grabaci\u00f3n de sesiones, seguimiento de conversiones de anuncios<\/td><td><a href=\"https:\/\/privacy.microsoft.com\/en-us\/privacystatement\" target=\"_blank\" rel=\"noopener\">Pol\u00edtica de Privacidad<\/a><\/td><\/tr><tr><td><strong>Quora Pixel<\/strong><\/td><td>Rendimiento publicitario y retargeting<\/td><td><a href=\"https:\/\/www.quora.com\/about\/privacy\" target=\"_blank\" rel=\"noopener\">Pol\u00edtica de Privacidad<\/a><\/td><\/tr><tr><td><strong>Reddit Pixel<\/strong><\/td><td>Rendimiento publicitario y retargeting<\/td><td><a href=\"https:\/\/www.redditinc.com\/policies\/privacy-policy\" target=\"_blank\" rel=\"noopener\">Pol\u00edtica de Privacidad<\/a><\/td><\/tr><tr><td><strong>Cloudflare<\/strong><\/td><td>Seguridad del sitio web, detecci\u00f3n de bots, optimizaci\u00f3n del rendimiento (estrictamente necesario)<\/td><td><a href=\"https:\/\/www.cloudflare.com\/privacypolicy\/\" target=\"_blank\" rel=\"noopener\">Pol\u00edtica de Privacidad<\/a><\/td><\/tr><tr><td><strong>Posthog<\/strong><\/td><td>Anal\u00edtica, seguimiento de eventos, reproducci\u00f3n de sesiones<\/td><td><a href=\"https:\/\/posthog.com\/privacy\" target=\"_blank\" rel=\"noopener\">Pol\u00edtica de Privacidad<\/a><\/td><\/tr><tr><td> <\/td><td> <\/td><td> <\/td><\/tr><\/tbody><\/table><p class=\"\" data-start=\"3057\" data-end=\"3233\">Estos terceros pueden combinar sus datos con informaci\u00f3n de otros sitios web con fines publicitarios o de an\u00e1lisis. Por favor, revise sus pol\u00edticas de privacidad para obtener m\u00e1s informaci\u00f3n. <\/p><h2>3. \u00bfC\u00f3mo puedo cambiar mis preferencias de cookies?<\/h2><p class=\"\" data-start=\"2044\" data-end=\"2159\">Puede gestionar sus preferencias de cookies en cualquier momento mediante:<\/p><ol><li>Revocar o actualizar el consentimiento a trav\u00e9s de nuestro  <strong>[wcc_preference_button]<\/strong>. Esto le permitir\u00e1 volver a visitar el banner de consentimiento de cookies y cambiar sus preferencias o retirar su consentimiento de inmediato.<\/li><li><strong>Cambiar la configuraci\u00f3n de su navegador para bloquear o eliminar cookies.<\/strong><br>Diferentes navegadores proporcionan distintos m\u00e9todos para bloquear y eliminar las cookies utilizadas por los sitios web. A continuaci\u00f3n se enumeran los enlaces a los documentos de soporte sobre c\u00f3mo gestionar y eliminar cookies de los principales navegadores web: <ul><li><strong>Chrome:<\/strong> <a href=\"https:\/\/support.google.com\/accounts\/answer\/32050\" target=\"_blank\" rel=\"noopener\"> https:\/\/support.google.com\/accounts\/answer\/32050<\/a><\/li><li><p class=\"\" data-start=\"2185\" data-end=\"2241\"><strong>Safari:<\/strong> <a href=\"https:\/\/support.apple.com\/en-in\/guide\/safari\/sfri11471\/mac\" target=\"_blank\" rel=\"noopener\">https:\/\/support.apple.com\/en-in\/guide\/safari\/sfri11471\/mac<\/a><\/p><\/li><li><p class=\"\" data-start=\"2185\" data-end=\"2241\"><strong>Firefox:<\/strong> <a href=\"https:\/\/support.mozilla.org\/en-US\/kb\/clear-cookies-and-site-data-firefox?redirectslug=delete-cookies-remove-info-websites-stored&amp;redirectlocale=en-US\" target=\"_blank\" rel=\"noopener\">https:\/\/support.mozilla.org\/en-US\/kb\/clear-cookies-and-site-data-firefox?redirectslug=delete-cookies-remove-info-websites-stored&amp;redirectlocale=en-US<\/a><\/p><\/li><li><p class=\"\" data-start=\"2185\" data-end=\"2241\"><strong>Microsoft Edge:<\/strong> <a href=\"https:\/\/support.microsoft.com\/en-us\/microsoft-edge\/delete-cookies-in-microsoft-edge-63947406-40ac-c3b8-57b9-2a946a29ae09\" target=\"_blank\" rel=\"noopener\"> Delete cookies in Microsoft Edge &#8211; Microsoft Support<\/a><\/p><\/li><\/ul><p>Si est\u00e1 utilizando cualquier otro navegador web, por favor visite los documentos oficiales de soporte de su navegador.<\/p><\/li><li>Utilizar el<strong> modo privado o de inc\u00f3gnito de su navegador.<\/strong><\/li><\/ol><p><em><strong>Por favor, tenga en cuenta: <\/strong><\/em>deshabilitar algunas cookies puede afectar el funcionamiento del sitio web.<\/p><h2>4. Base legal para el uso de cookies (usuarios de la UE\/EEE)<\/h2><p class=\"\" data-start=\"2484\" data-end=\"2605\">Utilizamos cookies estrictamente necesarias bas\u00e1ndonos en nuestro inter\u00e9s leg\u00edtimo de garantizar el correcto funcionamiento del sitio web.<\/p><p class=\"\" data-start=\"2607\" data-end=\"2829\">Todas las dem\u00e1s cookies (anal\u00edticas, de marketing, etc.) se utilizan solo despu\u00e9s de recibir su <strong data-start=\"2689\" data-end=\"2709\">consentimiento expl\u00edcito<\/strong> a trav\u00e9s de nuestro banner de cookies, de acuerdo con el <strong data-start=\"2756\" data-end=\"2801\">Reglamento General de Protecci\u00f3n de Datos (RGPD)<\/strong> y la <strong data-start=\"2806\" data-end=\"2828\">Directiva ePrivacy<\/strong>.<\/p><h2>5. Cambios en esta pol\u00edtica de cookies<\/h2><p>Es posible que actualicemos esta Pol\u00edtica de Cookies peri\u00f3dicamente. La versi\u00f3n actualizada estar\u00e1 siempre disponible en esta p\u00e1gina, e indicaremos la fecha de la \u00faltima revisi\u00f3n en la parte superior. <\/p><h2>6. Contacto<\/h2><p>Si tiene alguna pregunta sobre nuestro uso de cookies o sobre esta Pol\u00edtica de Cookies, puede ponerse en contacto con nosotros en <strong><a href=\"mailto:support@floppydata.com\" target=\"_blank\" rel=\"nofollow noopener noreferrer\">support@floppydata.com<\/a><\/strong><\/p>\t\t\t\t\t\t\t\t<\/div>\n\t\t\t\t\t<\/div>\n\t\t\t\t<\/div>\n\t\t\t\t<\/div>\n\t\t","protected":false},"excerpt":{"rendered":"<p>Fecha de actualizaci\u00f3n: 15 de mayo de 2025 \u00cdndice de contenidos &nbsp; Esta Pol\u00edtica de Cookies explica qu\u00e9 son las cookies y c\u00f3mo las utilizamos, los tipos de cookies que empleamos, es decir, la informaci\u00f3n que recopilamos mediante cookies y c\u00f3mo se utiliza dicha informaci\u00f3n, as\u00ed como la forma de gestionar la configuraci\u00f3n de las [&hellip;]<\/p>\n","protected":false},"author":3,"featured_media":0,"parent":0,"menu_order":0,"comment_status":"closed","ping_status":"closed","template":"","meta":{"_acf_changed":false,"footnotes":""},"class_list":["post-24564","page","type-page","status-publish","hentry"],"acf":[],"_links":{"self":[{"href":"https:\/\/floppydata.com\/es\/wp-json\/wp\/v2\/pages\/24564","targetHints":{"allow":["GET"]}}],"collection":[{"href":"https:\/\/floppydata.com\/es\/wp-json\/wp\/v2\/pages"}],"about":[{"href":"https:\/\/floppydata.com\/es\/wp-json\/wp\/v2\/types\/page"}],"author":[{"embeddable":true,"href":"https:\/\/floppydata.com\/es\/wp-json\/wp\/v2\/users\/3"}],"replies":[{"embeddable":true,"href":"https:\/\/floppydata.com\/es\/wp-json\/wp\/v2\/comments?post=24564"}],"version-history":[{"count":4,"href":"https:\/\/floppydata.com\/es\/wp-json\/wp\/v2\/pages\/24564\/revisions"}],"predecessor-version":[{"id":32302,"href":"https:\/\/floppydata.com\/es\/wp-json\/wp\/v2\/pages\/24564\/revisions\/32302"}],"wp:attachment":[{"href":"https:\/\/floppydata.com\/es\/wp-json\/wp\/v2\/media?parent=24564"}],"curies":[{"name":"wp","href":"https:\/\/api.w.org\/{rel}","templated":true}]}}